{"id":579,"date":"2020-08-10T09:48:55","date_gmt":"2020-08-10T06:48:55","guid":{"rendered":"https:\/\/demosivusto.net\/winwipes\/etusivu\/"},"modified":"2026-03-05T11:24:38","modified_gmt":"2026-03-05T09:24:38","slug":"etusivu","status":"publish","type":"page","link":"https:\/\/winwipes.fi\/sv\/","title":{"rendered":"Startsida"},"content":{"rendered":"","protected":false},"excerpt":{"rendered":"","protected":false},"author":1,"featured_media":541,"parent":0,"menu_order":0,"comment_status":"closed","ping_status":"closed","template":"front-page.php","meta":{"_acf_changed":false,"footnotes":""},"class_list":["post-579","page","type-page","status-publish","has-post-thumbnail","hentry"],"acf":[],"yoast_head":"<!-- This site is optimized with the Yoast SEO plugin v27.3 - https:\/\/yoast.com\/product\/yoast-seo-wordpress\/ -->\n<title>Desinficeringsservetter reng\u00f6r och desinficerar | Winwipes<\/title>\n<meta name=\"description\" content=\"Winwipes utvecklar, tillverkar och levererar (finsktillverkade) desinficeringsservetter och passande.\" \/>\n<meta name=\"robots\" content=\"index, follow, max-snippet:-1, max-image-preview:large, max-video-preview:-1\" \/>\n<link rel=\"canonical\" href=\"https:\/\/winwipes.fi\/sv\/\" \/>\n<meta property=\"og:locale\" content=\"sv_SE\" \/>\n<meta property=\"og:type\" content=\"article\" \/>\n<meta property=\"og:title\" content=\"Desinficeringsservetter reng\u00f6r och desinficerar | Winwipes\" \/>\n<meta property=\"og:description\" content=\"Winwipes utvecklar, tillverkar och levererar (finsktillverkade) desinficeringsservetter och passande.\" \/>\n<meta property=\"og:url\" content=\"https:\/\/winwipes.fi\/sv\/\" \/>\n<meta property=\"og:site_name\" content=\"Winwipes\" \/>\n<meta property=\"article:modified_time\" content=\"2026-03-05T09:24:38+00:00\" \/>\n<meta property=\"og:image\" content=\"https:\/\/winwipes.fi\/wp-content\/uploads\/2020\/08\/winwipes-fb-cover-pic1.jpg\" \/>\n\t<meta property=\"og:image:width\" content=\"2037\" \/>\n\t<meta property=\"og:image:height\" content=\"754\" \/>\n\t<meta property=\"og:image:type\" content=\"image\/jpeg\" \/>\n<meta name=\"twitter:card\" content=\"summary_large_image\" \/>\n<meta name=\"twitter:label1\" content=\"Ber\u00e4knad l\u00e4stid\" \/>\n\t<meta name=\"twitter:data1\" content=\"1 minut\" \/>\n<script type=\"application\/ld+json\" class=\"yoast-schema-graph\">{\"@context\":\"https:\\\/\\\/schema.org\",\"@graph\":[{\"@type\":\"WebPage\",\"@id\":\"https:\\\/\\\/winwipes.fi\\\/sv\\\/\",\"url\":\"https:\\\/\\\/winwipes.fi\\\/sv\\\/\",\"name\":\"Desinficeringsservetter reng\u00f6r och desinficerar | Winwipes\",\"isPartOf\":{\"@id\":\"https:\\\/\\\/winwipes.fi\\\/#website\"},\"primaryImageOfPage\":{\"@id\":\"https:\\\/\\\/winwipes.fi\\\/sv\\\/#primaryimage\"},\"image\":{\"@id\":\"https:\\\/\\\/winwipes.fi\\\/sv\\\/#primaryimage\"},\"thumbnailUrl\":\"https:\\\/\\\/winwipes.fi\\\/wp-content\\\/uploads\\\/2020\\\/08\\\/winwipes-fb-cover-pic1.jpg\",\"datePublished\":\"2020-08-10T06:48:55+00:00\",\"dateModified\":\"2026-03-05T09:24:38+00:00\",\"description\":\"Winwipes utvecklar, tillverkar och levererar (finsktillverkade) desinficeringsservetter och passande.\",\"breadcrumb\":{\"@id\":\"https:\\\/\\\/winwipes.fi\\\/sv\\\/#breadcrumb\"},\"inLanguage\":\"sv-SE\",\"potentialAction\":[{\"@type\":\"ReadAction\",\"target\":[\"https:\\\/\\\/winwipes.fi\\\/sv\\\/\"]}]},{\"@type\":\"ImageObject\",\"inLanguage\":\"sv-SE\",\"@id\":\"https:\\\/\\\/winwipes.fi\\\/sv\\\/#primaryimage\",\"url\":\"https:\\\/\\\/winwipes.fi\\\/wp-content\\\/uploads\\\/2020\\\/08\\\/winwipes-fb-cover-pic1.jpg\",\"contentUrl\":\"https:\\\/\\\/winwipes.fi\\\/wp-content\\\/uploads\\\/2020\\\/08\\\/winwipes-fb-cover-pic1.jpg\",\"width\":2037,\"height\":754},{\"@type\":\"BreadcrumbList\",\"@id\":\"https:\\\/\\\/winwipes.fi\\\/sv\\\/#breadcrumb\",\"itemListElement\":[{\"@type\":\"ListItem\",\"position\":1,\"name\":\"Home\",\"item\":\"https:\\\/\\\/winwipes.fi\\\/sv\\\/\"},{\"@type\":\"ListItem\",\"position\":2,\"name\":\"Startsida\"}]},{\"@type\":\"WebSite\",\"@id\":\"https:\\\/\\\/winwipes.fi\\\/#website\",\"url\":\"https:\\\/\\\/winwipes.fi\\\/\",\"name\":\"WinWipes\",\"description\":\"Winwipes Oy suunnittelee, valmistaa ja toimittaa Suomessa valmistettuja desinfiointipyyhkeit\u00e4 sek\u00e4 niihin soveltuvia annostelijoita. Kauttamme l\u00f6yd\u00e4t my\u00f6s K\u00e4sidesit ja k\u00e4sidesiannostelijat.\",\"publisher\":{\"@id\":\"https:\\\/\\\/winwipes.fi\\\/#organization\"},\"potentialAction\":[{\"@type\":\"SearchAction\",\"target\":{\"@type\":\"EntryPoint\",\"urlTemplate\":\"https:\\\/\\\/winwipes.fi\\\/?s={search_term_string}\"},\"query-input\":{\"@type\":\"PropertyValueSpecification\",\"valueRequired\":true,\"valueName\":\"search_term_string\"}}],\"inLanguage\":\"sv-SE\"},{\"@type\":\"Organization\",\"@id\":\"https:\\\/\\\/winwipes.fi\\\/#organization\",\"name\":\"Winwipes Oy\",\"url\":\"https:\\\/\\\/winwipes.fi\\\/\",\"logo\":{\"@type\":\"ImageObject\",\"inLanguage\":\"sv-SE\",\"@id\":\"https:\\\/\\\/winwipes.fi\\\/#\\\/schema\\\/logo\\\/image\\\/\",\"url\":\"https:\\\/\\\/winwipes.fi\\\/wp-content\\\/uploads\\\/2020\\\/08\\\/winwipes-logo-web.png\",\"contentUrl\":\"https:\\\/\\\/winwipes.fi\\\/wp-content\\\/uploads\\\/2020\\\/08\\\/winwipes-logo-web.png\",\"width\":275,\"height\":95,\"caption\":\"Winwipes Oy\"},\"image\":{\"@id\":\"https:\\\/\\\/winwipes.fi\\\/#\\\/schema\\\/logo\\\/image\\\/\"}}]}<\/script>\n<!-- \/ Yoast SEO plugin. -->","yoast_head_json":{"title":"Desinficeringsservetter reng\u00f6r och desinficerar | Winwipes","description":"Winwipes utvecklar, tillverkar och levererar (finsktillverkade) desinficeringsservetter och passande.","robots":{"index":"index","follow":"follow","max-snippet":"max-snippet:-1","max-image-preview":"max-image-preview:large","max-video-preview":"max-video-preview:-1"},"canonical":"https:\/\/winwipes.fi\/sv\/","og_locale":"sv_SE","og_type":"article","og_title":"Desinficeringsservetter reng\u00f6r och desinficerar | Winwipes","og_description":"Winwipes utvecklar, tillverkar och levererar (finsktillverkade) desinficeringsservetter och passande.","og_url":"https:\/\/winwipes.fi\/sv\/","og_site_name":"Winwipes","article_modified_time":"2026-03-05T09:24:38+00:00","og_image":[{"width":2037,"height":754,"url":"https:\/\/winwipes.fi\/wp-content\/uploads\/2020\/08\/winwipes-fb-cover-pic1.jpg","type":"image\/jpeg"}],"twitter_card":"summary_large_image","twitter_misc":{"Ber\u00e4knad l\u00e4stid":"1 minut"},"schema":{"@context":"https:\/\/schema.org","@graph":[{"@type":"WebPage","@id":"https:\/\/winwipes.fi\/sv\/","url":"https:\/\/winwipes.fi\/sv\/","name":"Desinficeringsservetter reng\u00f6r och desinficerar | Winwipes","isPartOf":{"@id":"https:\/\/winwipes.fi\/#website"},"primaryImageOfPage":{"@id":"https:\/\/winwipes.fi\/sv\/#primaryimage"},"image":{"@id":"https:\/\/winwipes.fi\/sv\/#primaryimage"},"thumbnailUrl":"https:\/\/winwipes.fi\/wp-content\/uploads\/2020\/08\/winwipes-fb-cover-pic1.jpg","datePublished":"2020-08-10T06:48:55+00:00","dateModified":"2026-03-05T09:24:38+00:00","description":"Winwipes utvecklar, tillverkar och levererar (finsktillverkade) desinficeringsservetter och passande.","breadcrumb":{"@id":"https:\/\/winwipes.fi\/sv\/#breadcrumb"},"inLanguage":"sv-SE","potentialAction":[{"@type":"ReadAction","target":["https:\/\/winwipes.fi\/sv\/"]}]},{"@type":"ImageObject","inLanguage":"sv-SE","@id":"https:\/\/winwipes.fi\/sv\/#primaryimage","url":"https:\/\/winwipes.fi\/wp-content\/uploads\/2020\/08\/winwipes-fb-cover-pic1.jpg","contentUrl":"https:\/\/winwipes.fi\/wp-content\/uploads\/2020\/08\/winwipes-fb-cover-pic1.jpg","width":2037,"height":754},{"@type":"BreadcrumbList","@id":"https:\/\/winwipes.fi\/sv\/#breadcrumb","itemListElement":[{"@type":"ListItem","position":1,"name":"Home","item":"https:\/\/winwipes.fi\/sv\/"},{"@type":"ListItem","position":2,"name":"Startsida"}]},{"@type":"WebSite","@id":"https:\/\/winwipes.fi\/#website","url":"https:\/\/winwipes.fi\/","name":"WinWipes","description":"Winwipes Oy suunnittelee, valmistaa ja toimittaa Suomessa valmistettuja desinfiointipyyhkeit\u00e4 sek\u00e4 niihin soveltuvia annostelijoita. Kauttamme l\u00f6yd\u00e4t my\u00f6s K\u00e4sidesit ja k\u00e4sidesiannostelijat.","publisher":{"@id":"https:\/\/winwipes.fi\/#organization"},"potentialAction":[{"@type":"SearchAction","target":{"@type":"EntryPoint","urlTemplate":"https:\/\/winwipes.fi\/?s={search_term_string}"},"query-input":{"@type":"PropertyValueSpecification","valueRequired":true,"valueName":"search_term_string"}}],"inLanguage":"sv-SE"},{"@type":"Organization","@id":"https:\/\/winwipes.fi\/#organization","name":"Winwipes Oy","url":"https:\/\/winwipes.fi\/","logo":{"@type":"ImageObject","inLanguage":"sv-SE","@id":"https:\/\/winwipes.fi\/#\/schema\/logo\/image\/","url":"https:\/\/winwipes.fi\/wp-content\/uploads\/2020\/08\/winwipes-logo-web.png","contentUrl":"https:\/\/winwipes.fi\/wp-content\/uploads\/2020\/08\/winwipes-logo-web.png","width":275,"height":95,"caption":"Winwipes Oy"},"image":{"@id":"https:\/\/winwipes.fi\/#\/schema\/logo\/image\/"}}]}},"_links":{"self":[{"href":"https:\/\/winwipes.fi\/sv\/wp-json\/wp\/v2\/pages\/579","targetHints":{"allow":["GET"]}}],"collection":[{"href":"https:\/\/winwipes.fi\/sv\/wp-json\/wp\/v2\/pages"}],"about":[{"href":"https:\/\/winwipes.fi\/sv\/wp-json\/wp\/v2\/types\/page"}],"author":[{"embeddable":true,"href":"https:\/\/winwipes.fi\/sv\/wp-json\/wp\/v2\/users\/1"}],"replies":[{"embeddable":true,"href":"https:\/\/winwipes.fi\/sv\/wp-json\/wp\/v2\/comments?post=579"}],"version-history":[{"count":19,"href":"https:\/\/winwipes.fi\/sv\/wp-json\/wp\/v2\/pages\/579\/revisions"}],"predecessor-version":[{"id":733,"href":"https:\/\/winwipes.fi\/sv\/wp-json\/wp\/v2\/pages\/579\/revisions\/733"}],"wp:featuredmedia":[{"embeddable":true,"href":"https:\/\/winwipes.fi\/sv\/wp-json\/wp\/v2\/media\/541"}],"wp:attachment":[{"href":"https:\/\/winwipes.fi\/sv\/wp-json\/wp\/v2\/media?parent=579"}],"curies":[{"name":"wp","href":"https:\/\/api.w.org\/{rel}","templated":true}]}}