{"id":581,"date":"2020-08-11T11:35:04","date_gmt":"2020-08-11T08:35:04","guid":{"rendered":"https:\/\/demosivusto.net\/winwipes\/tuotteet-ja-palvelut\/"},"modified":"2026-03-05T11:28:17","modified_gmt":"2026-03-05T09:28:17","slug":"produkter-och-servicen","status":"publish","type":"page","link":"https:\/\/winwipes.fi\/sv\/produkter-och-servicen\/","title":{"rendered":"Produkter och servicen"},"content":{"rendered":"<p>&nbsp;<\/p>\n<p><img loading=\"lazy\" decoding=\"async\" class=\"aligncenter size-full wp-image-503\" src=\"https:\/\/winwipes.fi\/wp-content\/uploads\/2020\/08\/liinat.png\" alt=\"\" width=\"398\" height=\"314\" srcset=\"https:\/\/winwipes.fi\/wp-content\/uploads\/2020\/08\/liinat.png 398w, https:\/\/winwipes.fi\/wp-content\/uploads\/2020\/08\/liinat-300x237.png 300w\" sizes=\"auto, (max-width: 398px) 100vw, 398px\" \/><\/p>\n<h2>Winwipes desinficeringsservetter<\/h2>\n<p>Winwipes desinficeringsservetter eliminerar effektivt virus och bakterier. Desinficeringsservetterna passar f\u00f6r s\u00e5v\u00e4l h\u00e4nder som f\u00f6r ytor. V\u00e5r alkoholfria servett ger dessutom ett l\u00e5ngvarigare skydd mot virus \u00e4n motsvarande produkter med alkohol. P\u00e5 det s\u00e4ttet kan smittkedjan avbrytas effektivt. Desinficeringsservetten baserar sig p\u00e5 ett fibermaterial av h\u00f6g kvalitet, som \u00e4r mjukt och sk\u00f6nt att anv\u00e4nda.<\/p>\n<p><strong>F\u00f6rdelar med Winwipes desinficeringsservetter:<\/strong><\/p>\n<ul>\n<li>alkoholfri<\/li>\n<li>luktfri<\/li>\n<li>torkar ej ut huden och kladdar inte<\/li>\n<li>l\u00e4tt och tryggt att anv\u00e4nda<\/li>\n<li>testade mot flera virus och bakterier<\/li>\n<li>tillverkade i Finland<\/li>\n<\/ul>\n<p>Desinficeringsservetterna anpassar sig f\u00f6r reng\u00f6ring av h\u00e4nder, kundvagnar och varukorgar, touch screens, spelautomater, sj\u00e4lvbetj\u00e4ningskassor.<\/p>\n","protected":false},"excerpt":{"rendered":"<p>&nbsp; Winwipes desinficeringsservetter Winwipes desinficeringsservetter eliminerar effektivt virus och bakterier. Desinficeringsservetterna passar f\u00f6r s\u00e5v\u00e4l h\u00e4nder som f\u00f6r ytor. V\u00e5r alkoholfria servett ger dessutom ett l\u00e5ngvarigare skydd mot virus \u00e4n motsvarande produkter med alkohol. P\u00e5 det s\u00e4ttet kan smittkedjan avbrytas effektivt. Desinficeringsservetten baserar sig p\u00e5 ett fibermaterial av h\u00f6g kvalitet, som \u00e4r mjukt och sk\u00f6nt att&hellip;<\/p>\n<p><a class=\"more-link\" href=\"https:\/\/winwipes.fi\/sv\/produkter-och-servicen\/\" title=\"Continue reading &lsquo;Produkter och servicen&rsquo;\">Continue reading <span class=\"meta-nav\">&rarr;<\/span><\/a><\/p>\n","protected":false},"author":1,"featured_media":523,"parent":0,"menu_order":0,"comment_status":"closed","ping_status":"closed","template":"page-templates\/tuotteet-ja-palvelut.php","meta":{"_acf_changed":false,"footnotes":""},"class_list":["post-581","page","type-page","status-publish","has-post-thumbnail","hentry"],"acf":[],"yoast_head":"<!-- This site is optimized with the Yoast SEO plugin v27.5 - https:\/\/yoast.com\/product\/yoast-seo-wordpress\/ -->\n<title>Winwipes desinficeringsservetter | Produkter och servicen | Winwipes<\/title>\n<meta name=\"description\" content=\"Winwipes desinficeringsservetter eliminerar effektivt virus och bakterier. Desinficeringsservetterna passar f\u00f6r s\u00e5v\u00e4l h\u00e4nder som f\u00f6r ytor.\" \/>\n<meta name=\"robots\" content=\"index, follow, max-snippet:-1, max-image-preview:large, max-video-preview:-1\" \/>\n<link rel=\"canonical\" href=\"https:\/\/winwipes.fi\/sv\/produkter-och-servicen\/\" \/>\n<meta property=\"og:locale\" content=\"sv_SE\" \/>\n<meta property=\"og:type\" content=\"article\" \/>\n<meta property=\"og:title\" content=\"Winwipes desinficeringsservetter | Produkter och servicen | Winwipes\" \/>\n<meta property=\"og:description\" content=\"Winwipes desinficeringsservetter eliminerar effektivt virus och bakterier. Desinficeringsservetterna passar f\u00f6r s\u00e5v\u00e4l h\u00e4nder som f\u00f6r ytor.\" \/>\n<meta property=\"og:url\" content=\"https:\/\/winwipes.fi\/sv\/produkter-och-servicen\/\" \/>\n<meta property=\"og:site_name\" content=\"Winwipes\" \/>\n<meta property=\"article:modified_time\" content=\"2026-03-05T09:28:17+00:00\" \/>\n<meta property=\"og:image\" content=\"https:\/\/winwipes.fi\/wp-content\/uploads\/2020\/08\/winwipes-5.jpg\" \/>\n\t<meta property=\"og:image:width\" content=\"1920\" \/>\n\t<meta property=\"og:image:height\" content=\"1280\" \/>\n\t<meta property=\"og:image:type\" content=\"image\/jpeg\" \/>\n<meta name=\"twitter:card\" content=\"summary_large_image\" \/>\n<meta name=\"twitter:label1\" content=\"Ber\u00e4knad l\u00e4stid\" \/>\n\t<meta name=\"twitter:data1\" content=\"1 minut\" \/>\n<script type=\"application\/ld+json\" class=\"yoast-schema-graph\">{\"@context\":\"https:\\\/\\\/schema.org\",\"@graph\":[{\"@type\":\"WebPage\",\"@id\":\"https:\\\/\\\/winwipes.fi\\\/sv\\\/produkter-och-servicen\\\/\",\"url\":\"https:\\\/\\\/winwipes.fi\\\/sv\\\/produkter-och-servicen\\\/\",\"name\":\"Winwipes desinficeringsservetter | Produkter och servicen | Winwipes\",\"isPartOf\":{\"@id\":\"https:\\\/\\\/winwipes.fi\\\/#website\"},\"primaryImageOfPage\":{\"@id\":\"https:\\\/\\\/winwipes.fi\\\/sv\\\/produkter-och-servicen\\\/#primaryimage\"},\"image\":{\"@id\":\"https:\\\/\\\/winwipes.fi\\\/sv\\\/produkter-och-servicen\\\/#primaryimage\"},\"thumbnailUrl\":\"https:\\\/\\\/winwipes.fi\\\/wp-content\\\/uploads\\\/2020\\\/08\\\/winwipes-5.jpg\",\"datePublished\":\"2020-08-11T08:35:04+00:00\",\"dateModified\":\"2026-03-05T09:28:17+00:00\",\"description\":\"Winwipes desinficeringsservetter eliminerar effektivt virus och bakterier. Desinficeringsservetterna passar f\u00f6r s\u00e5v\u00e4l h\u00e4nder som f\u00f6r ytor.\",\"breadcrumb\":{\"@id\":\"https:\\\/\\\/winwipes.fi\\\/sv\\\/produkter-och-servicen\\\/#breadcrumb\"},\"inLanguage\":\"sv-SE\",\"potentialAction\":[{\"@type\":\"ReadAction\",\"target\":[\"https:\\\/\\\/winwipes.fi\\\/sv\\\/produkter-och-servicen\\\/\"]}]},{\"@type\":\"ImageObject\",\"inLanguage\":\"sv-SE\",\"@id\":\"https:\\\/\\\/winwipes.fi\\\/sv\\\/produkter-och-servicen\\\/#primaryimage\",\"url\":\"https:\\\/\\\/winwipes.fi\\\/wp-content\\\/uploads\\\/2020\\\/08\\\/winwipes-5.jpg\",\"contentUrl\":\"https:\\\/\\\/winwipes.fi\\\/wp-content\\\/uploads\\\/2020\\\/08\\\/winwipes-5.jpg\",\"width\":1920,\"height\":1280},{\"@type\":\"BreadcrumbList\",\"@id\":\"https:\\\/\\\/winwipes.fi\\\/sv\\\/produkter-och-servicen\\\/#breadcrumb\",\"itemListElement\":[{\"@type\":\"ListItem\",\"position\":1,\"name\":\"Home\",\"item\":\"https:\\\/\\\/winwipes.fi\\\/sv\\\/\"},{\"@type\":\"ListItem\",\"position\":2,\"name\":\"Produkter och servicen\"}]},{\"@type\":\"WebSite\",\"@id\":\"https:\\\/\\\/winwipes.fi\\\/#website\",\"url\":\"https:\\\/\\\/winwipes.fi\\\/\",\"name\":\"WinWipes\",\"description\":\"Winwipes Oy suunnittelee, valmistaa ja toimittaa Suomessa valmistettuja desinfiointipyyhkeit\u00e4 sek\u00e4 niihin soveltuvia annostelijoita. Kauttamme l\u00f6yd\u00e4t my\u00f6s K\u00e4sidesit ja k\u00e4sidesiannostelijat.\",\"publisher\":{\"@id\":\"https:\\\/\\\/winwipes.fi\\\/#organization\"},\"potentialAction\":[{\"@type\":\"SearchAction\",\"target\":{\"@type\":\"EntryPoint\",\"urlTemplate\":\"https:\\\/\\\/winwipes.fi\\\/?s={search_term_string}\"},\"query-input\":{\"@type\":\"PropertyValueSpecification\",\"valueRequired\":true,\"valueName\":\"search_term_string\"}}],\"inLanguage\":\"sv-SE\"},{\"@type\":\"Organization\",\"@id\":\"https:\\\/\\\/winwipes.fi\\\/#organization\",\"name\":\"Winwipes Oy\",\"url\":\"https:\\\/\\\/winwipes.fi\\\/\",\"logo\":{\"@type\":\"ImageObject\",\"inLanguage\":\"sv-SE\",\"@id\":\"https:\\\/\\\/winwipes.fi\\\/#\\\/schema\\\/logo\\\/image\\\/\",\"url\":\"https:\\\/\\\/winwipes.fi\\\/wp-content\\\/uploads\\\/2020\\\/08\\\/winwipes-logo-web.png\",\"contentUrl\":\"https:\\\/\\\/winwipes.fi\\\/wp-content\\\/uploads\\\/2020\\\/08\\\/winwipes-logo-web.png\",\"width\":275,\"height\":95,\"caption\":\"Winwipes Oy\"},\"image\":{\"@id\":\"https:\\\/\\\/winwipes.fi\\\/#\\\/schema\\\/logo\\\/image\\\/\"}}]}<\/script>\n<!-- \/ Yoast SEO plugin. -->","yoast_head_json":{"title":"Winwipes desinficeringsservetter | Produkter och servicen | Winwipes","description":"Winwipes desinficeringsservetter eliminerar effektivt virus och bakterier. Desinficeringsservetterna passar f\u00f6r s\u00e5v\u00e4l h\u00e4nder som f\u00f6r ytor.","robots":{"index":"index","follow":"follow","max-snippet":"max-snippet:-1","max-image-preview":"max-image-preview:large","max-video-preview":"max-video-preview:-1"},"canonical":"https:\/\/winwipes.fi\/sv\/produkter-och-servicen\/","og_locale":"sv_SE","og_type":"article","og_title":"Winwipes desinficeringsservetter | Produkter och servicen | Winwipes","og_description":"Winwipes desinficeringsservetter eliminerar effektivt virus och bakterier. Desinficeringsservetterna passar f\u00f6r s\u00e5v\u00e4l h\u00e4nder som f\u00f6r ytor.","og_url":"https:\/\/winwipes.fi\/sv\/produkter-och-servicen\/","og_site_name":"Winwipes","article_modified_time":"2026-03-05T09:28:17+00:00","og_image":[{"width":1920,"height":1280,"url":"https:\/\/winwipes.fi\/wp-content\/uploads\/2020\/08\/winwipes-5.jpg","type":"image\/jpeg"}],"twitter_card":"summary_large_image","twitter_misc":{"Ber\u00e4knad l\u00e4stid":"1 minut"},"schema":{"@context":"https:\/\/schema.org","@graph":[{"@type":"WebPage","@id":"https:\/\/winwipes.fi\/sv\/produkter-och-servicen\/","url":"https:\/\/winwipes.fi\/sv\/produkter-och-servicen\/","name":"Winwipes desinficeringsservetter | Produkter och servicen | Winwipes","isPartOf":{"@id":"https:\/\/winwipes.fi\/#website"},"primaryImageOfPage":{"@id":"https:\/\/winwipes.fi\/sv\/produkter-och-servicen\/#primaryimage"},"image":{"@id":"https:\/\/winwipes.fi\/sv\/produkter-och-servicen\/#primaryimage"},"thumbnailUrl":"https:\/\/winwipes.fi\/wp-content\/uploads\/2020\/08\/winwipes-5.jpg","datePublished":"2020-08-11T08:35:04+00:00","dateModified":"2026-03-05T09:28:17+00:00","description":"Winwipes desinficeringsservetter eliminerar effektivt virus och bakterier. Desinficeringsservetterna passar f\u00f6r s\u00e5v\u00e4l h\u00e4nder som f\u00f6r ytor.","breadcrumb":{"@id":"https:\/\/winwipes.fi\/sv\/produkter-och-servicen\/#breadcrumb"},"inLanguage":"sv-SE","potentialAction":[{"@type":"ReadAction","target":["https:\/\/winwipes.fi\/sv\/produkter-och-servicen\/"]}]},{"@type":"ImageObject","inLanguage":"sv-SE","@id":"https:\/\/winwipes.fi\/sv\/produkter-och-servicen\/#primaryimage","url":"https:\/\/winwipes.fi\/wp-content\/uploads\/2020\/08\/winwipes-5.jpg","contentUrl":"https:\/\/winwipes.fi\/wp-content\/uploads\/2020\/08\/winwipes-5.jpg","width":1920,"height":1280},{"@type":"BreadcrumbList","@id":"https:\/\/winwipes.fi\/sv\/produkter-och-servicen\/#breadcrumb","itemListElement":[{"@type":"ListItem","position":1,"name":"Home","item":"https:\/\/winwipes.fi\/sv\/"},{"@type":"ListItem","position":2,"name":"Produkter och servicen"}]},{"@type":"WebSite","@id":"https:\/\/winwipes.fi\/#website","url":"https:\/\/winwipes.fi\/","name":"WinWipes","description":"Winwipes Oy suunnittelee, valmistaa ja toimittaa Suomessa valmistettuja desinfiointipyyhkeit\u00e4 sek\u00e4 niihin soveltuvia annostelijoita. Kauttamme l\u00f6yd\u00e4t my\u00f6s K\u00e4sidesit ja k\u00e4sidesiannostelijat.","publisher":{"@id":"https:\/\/winwipes.fi\/#organization"},"potentialAction":[{"@type":"SearchAction","target":{"@type":"EntryPoint","urlTemplate":"https:\/\/winwipes.fi\/?s={search_term_string}"},"query-input":{"@type":"PropertyValueSpecification","valueRequired":true,"valueName":"search_term_string"}}],"inLanguage":"sv-SE"},{"@type":"Organization","@id":"https:\/\/winwipes.fi\/#organization","name":"Winwipes Oy","url":"https:\/\/winwipes.fi\/","logo":{"@type":"ImageObject","inLanguage":"sv-SE","@id":"https:\/\/winwipes.fi\/#\/schema\/logo\/image\/","url":"https:\/\/winwipes.fi\/wp-content\/uploads\/2020\/08\/winwipes-logo-web.png","contentUrl":"https:\/\/winwipes.fi\/wp-content\/uploads\/2020\/08\/winwipes-logo-web.png","width":275,"height":95,"caption":"Winwipes Oy"},"image":{"@id":"https:\/\/winwipes.fi\/#\/schema\/logo\/image\/"}}]}},"_links":{"self":[{"href":"https:\/\/winwipes.fi\/sv\/wp-json\/wp\/v2\/pages\/581","targetHints":{"allow":["GET"]}}],"collection":[{"href":"https:\/\/winwipes.fi\/sv\/wp-json\/wp\/v2\/pages"}],"about":[{"href":"https:\/\/winwipes.fi\/sv\/wp-json\/wp\/v2\/types\/page"}],"author":[{"embeddable":true,"href":"https:\/\/winwipes.fi\/sv\/wp-json\/wp\/v2\/users\/1"}],"replies":[{"embeddable":true,"href":"https:\/\/winwipes.fi\/sv\/wp-json\/wp\/v2\/comments?post=581"}],"version-history":[{"count":6,"href":"https:\/\/winwipes.fi\/sv\/wp-json\/wp\/v2\/pages\/581\/revisions"}],"predecessor-version":[{"id":736,"href":"https:\/\/winwipes.fi\/sv\/wp-json\/wp\/v2\/pages\/581\/revisions\/736"}],"wp:featuredmedia":[{"embeddable":true,"href":"https:\/\/winwipes.fi\/sv\/wp-json\/wp\/v2\/media\/523"}],"wp:attachment":[{"href":"https:\/\/winwipes.fi\/sv\/wp-json\/wp\/v2\/media?parent=581"}],"curies":[{"name":"wp","href":"https:\/\/api.w.org\/{rel}","templated":true}]}}