{"id":583,"date":"2020-08-13T09:26:23","date_gmt":"2020-08-13T06:26:23","guid":{"rendered":"https:\/\/demosivusto.net\/winwipes\/galleria\/"},"modified":"2021-01-28T09:52:44","modified_gmt":"2021-01-28T07:52:44","slug":"galleri","status":"publish","type":"page","link":"https:\/\/winwipes.fi\/sv\/galleri\/","title":{"rendered":"Galleri"},"content":{"rendered":"","protected":false},"excerpt":{"rendered":"","protected":false},"author":1,"featured_media":0,"parent":0,"menu_order":0,"comment_status":"closed","ping_status":"closed","template":"page-templates\/galleria.php","meta":{"_acf_changed":false,"footnotes":""},"class_list":["post-583","page","type-page","status-publish","hentry"],"acf":[],"yoast_head":"<!-- This site is optimized with the Yoast SEO plugin v27.5 - https:\/\/yoast.com\/product\/yoast-seo-wordpress\/ -->\n<title>Galleri - Winwipes<\/title>\n<meta name=\"robots\" content=\"index, follow, max-snippet:-1, max-image-preview:large, max-video-preview:-1\" \/>\n<link rel=\"canonical\" href=\"https:\/\/winwipes.fi\/sv\/galleri\/\" \/>\n<meta property=\"og:locale\" content=\"sv_SE\" \/>\n<meta property=\"og:type\" content=\"article\" \/>\n<meta property=\"og:title\" content=\"Galleri - Winwipes\" \/>\n<meta property=\"og:url\" content=\"https:\/\/winwipes.fi\/sv\/galleri\/\" \/>\n<meta property=\"og:site_name\" content=\"Winwipes\" \/>\n<meta property=\"article:modified_time\" content=\"2021-01-28T07:52:44+00:00\" \/>\n<meta name=\"twitter:card\" content=\"summary_large_image\" \/>\n<script type=\"application\/ld+json\" class=\"yoast-schema-graph\">{\"@context\":\"https:\\\/\\\/schema.org\",\"@graph\":[{\"@type\":\"WebPage\",\"@id\":\"https:\\\/\\\/winwipes.fi\\\/sv\\\/galleri\\\/\",\"url\":\"https:\\\/\\\/winwipes.fi\\\/sv\\\/galleri\\\/\",\"name\":\"Galleri - Winwipes\",\"isPartOf\":{\"@id\":\"https:\\\/\\\/winwipes.fi\\\/#website\"},\"datePublished\":\"2020-08-13T06:26:23+00:00\",\"dateModified\":\"2021-01-28T07:52:44+00:00\",\"breadcrumb\":{\"@id\":\"https:\\\/\\\/winwipes.fi\\\/sv\\\/galleri\\\/#breadcrumb\"},\"inLanguage\":\"sv-SE\",\"potentialAction\":[{\"@type\":\"ReadAction\",\"target\":[\"https:\\\/\\\/winwipes.fi\\\/sv\\\/galleri\\\/\"]}]},{\"@type\":\"BreadcrumbList\",\"@id\":\"https:\\\/\\\/winwipes.fi\\\/sv\\\/galleri\\\/#breadcrumb\",\"itemListElement\":[{\"@type\":\"ListItem\",\"position\":1,\"name\":\"Home\",\"item\":\"https:\\\/\\\/winwipes.fi\\\/sv\\\/\"},{\"@type\":\"ListItem\",\"position\":2,\"name\":\"Galleri\"}]},{\"@type\":\"WebSite\",\"@id\":\"https:\\\/\\\/winwipes.fi\\\/#website\",\"url\":\"https:\\\/\\\/winwipes.fi\\\/\",\"name\":\"WinWipes\",\"description\":\"Winwipes Oy suunnittelee, valmistaa ja toimittaa Suomessa valmistettuja desinfiointipyyhkeit\u00e4 sek\u00e4 niihin soveltuvia annostelijoita. Kauttamme l\u00f6yd\u00e4t my\u00f6s K\u00e4sidesit ja k\u00e4sidesiannostelijat.\",\"publisher\":{\"@id\":\"https:\\\/\\\/winwipes.fi\\\/#organization\"},\"potentialAction\":[{\"@type\":\"SearchAction\",\"target\":{\"@type\":\"EntryPoint\",\"urlTemplate\":\"https:\\\/\\\/winwipes.fi\\\/?s={search_term_string}\"},\"query-input\":{\"@type\":\"PropertyValueSpecification\",\"valueRequired\":true,\"valueName\":\"search_term_string\"}}],\"inLanguage\":\"sv-SE\"},{\"@type\":\"Organization\",\"@id\":\"https:\\\/\\\/winwipes.fi\\\/#organization\",\"name\":\"Winwipes Oy\",\"url\":\"https:\\\/\\\/winwipes.fi\\\/\",\"logo\":{\"@type\":\"ImageObject\",\"inLanguage\":\"sv-SE\",\"@id\":\"https:\\\/\\\/winwipes.fi\\\/#\\\/schema\\\/logo\\\/image\\\/\",\"url\":\"https:\\\/\\\/winwipes.fi\\\/wp-content\\\/uploads\\\/2020\\\/08\\\/winwipes-logo-web.png\",\"contentUrl\":\"https:\\\/\\\/winwipes.fi\\\/wp-content\\\/uploads\\\/2020\\\/08\\\/winwipes-logo-web.png\",\"width\":275,\"height\":95,\"caption\":\"Winwipes Oy\"},\"image\":{\"@id\":\"https:\\\/\\\/winwipes.fi\\\/#\\\/schema\\\/logo\\\/image\\\/\"}}]}<\/script>\n<!-- \/ Yoast SEO plugin. -->","yoast_head_json":{"title":"Galleri - Winwipes","robots":{"index":"index","follow":"follow","max-snippet":"max-snippet:-1","max-image-preview":"max-image-preview:large","max-video-preview":"max-video-preview:-1"},"canonical":"https:\/\/winwipes.fi\/sv\/galleri\/","og_locale":"sv_SE","og_type":"article","og_title":"Galleri - Winwipes","og_url":"https:\/\/winwipes.fi\/sv\/galleri\/","og_site_name":"Winwipes","article_modified_time":"2021-01-28T07:52:44+00:00","twitter_card":"summary_large_image","schema":{"@context":"https:\/\/schema.org","@graph":[{"@type":"WebPage","@id":"https:\/\/winwipes.fi\/sv\/galleri\/","url":"https:\/\/winwipes.fi\/sv\/galleri\/","name":"Galleri - Winwipes","isPartOf":{"@id":"https:\/\/winwipes.fi\/#website"},"datePublished":"2020-08-13T06:26:23+00:00","dateModified":"2021-01-28T07:52:44+00:00","breadcrumb":{"@id":"https:\/\/winwipes.fi\/sv\/galleri\/#breadcrumb"},"inLanguage":"sv-SE","potentialAction":[{"@type":"ReadAction","target":["https:\/\/winwipes.fi\/sv\/galleri\/"]}]},{"@type":"BreadcrumbList","@id":"https:\/\/winwipes.fi\/sv\/galleri\/#breadcrumb","itemListElement":[{"@type":"ListItem","position":1,"name":"Home","item":"https:\/\/winwipes.fi\/sv\/"},{"@type":"ListItem","position":2,"name":"Galleri"}]},{"@type":"WebSite","@id":"https:\/\/winwipes.fi\/#website","url":"https:\/\/winwipes.fi\/","name":"WinWipes","description":"Winwipes Oy suunnittelee, valmistaa ja toimittaa Suomessa valmistettuja desinfiointipyyhkeit\u00e4 sek\u00e4 niihin soveltuvia annostelijoita. Kauttamme l\u00f6yd\u00e4t my\u00f6s K\u00e4sidesit ja k\u00e4sidesiannostelijat.","publisher":{"@id":"https:\/\/winwipes.fi\/#organization"},"potentialAction":[{"@type":"SearchAction","target":{"@type":"EntryPoint","urlTemplate":"https:\/\/winwipes.fi\/?s={search_term_string}"},"query-input":{"@type":"PropertyValueSpecification","valueRequired":true,"valueName":"search_term_string"}}],"inLanguage":"sv-SE"},{"@type":"Organization","@id":"https:\/\/winwipes.fi\/#organization","name":"Winwipes Oy","url":"https:\/\/winwipes.fi\/","logo":{"@type":"ImageObject","inLanguage":"sv-SE","@id":"https:\/\/winwipes.fi\/#\/schema\/logo\/image\/","url":"https:\/\/winwipes.fi\/wp-content\/uploads\/2020\/08\/winwipes-logo-web.png","contentUrl":"https:\/\/winwipes.fi\/wp-content\/uploads\/2020\/08\/winwipes-logo-web.png","width":275,"height":95,"caption":"Winwipes Oy"},"image":{"@id":"https:\/\/winwipes.fi\/#\/schema\/logo\/image\/"}}]}},"_links":{"self":[{"href":"https:\/\/winwipes.fi\/sv\/wp-json\/wp\/v2\/pages\/583","targetHints":{"allow":["GET"]}}],"collection":[{"href":"https:\/\/winwipes.fi\/sv\/wp-json\/wp\/v2\/pages"}],"about":[{"href":"https:\/\/winwipes.fi\/sv\/wp-json\/wp\/v2\/types\/page"}],"author":[{"embeddable":true,"href":"https:\/\/winwipes.fi\/sv\/wp-json\/wp\/v2\/users\/1"}],"replies":[{"embeddable":true,"href":"https:\/\/winwipes.fi\/sv\/wp-json\/wp\/v2\/comments?post=583"}],"version-history":[{"count":3,"href":"https:\/\/winwipes.fi\/sv\/wp-json\/wp\/v2\/pages\/583\/revisions"}],"predecessor-version":[{"id":622,"href":"https:\/\/winwipes.fi\/sv\/wp-json\/wp\/v2\/pages\/583\/revisions\/622"}],"wp:attachment":[{"href":"https:\/\/winwipes.fi\/sv\/wp-json\/wp\/v2\/media?parent=583"}],"curies":[{"name":"wp","href":"https:\/\/api.w.org\/{rel}","templated":true}]}}