{"id":585,"date":"2020-08-11T09:42:59","date_gmt":"2020-08-11T06:42:59","guid":{"rendered":"https:\/\/demosivusto.net\/winwipes\/yritys\/"},"modified":"2026-03-05T11:29:42","modified_gmt":"2026-03-05T09:29:42","slug":"foretag","status":"publish","type":"page","link":"https:\/\/winwipes.fi\/sv\/foretag\/","title":{"rendered":"F\u00f6retag"},"content":{"rendered":"<p><img loading=\"lazy\" decoding=\"async\" class=\"aligncenter size-full wp-image-497\" src=\"https:\/\/winwipes.fi\/wp-content\/uploads\/2020\/08\/winwipes-logo-web.png\" alt=\"\" width=\"275\" height=\"95\" \/><\/p>\n<p><strong>WinWipes \u00e4r en ny akt\u00f6r, men f\u00f6retagets fem ursprungliga medlemmar medf\u00f6r alla sitt specialkunnande. Vi har en gedigen erfarenhet av f\u00f6retagsv\u00e4rlden, den kemiska industrin coh i synnerhet av desinficeringsmedel. Startknuffen till aff\u00e4rsiden fick vi av den p\u00e5g\u00e5ende pandemin som knappast blir den sista.<\/strong><\/p>\n<p>Vi \u00e4r m\u00e5na om din och v\u00e5ran h\u00e4lsa och funktionsf\u00f6rm\u00e5ga. Hur ska de \u00e4ldre f\u00e5 ett v\u00e4rdigt liv och hur skall barn och ungdomar g\u00e5 i skola och till sina fritidsintressen utan r\u00e4dsla? Vem skall ge de som arbetar m\u00f6jligheten att h\u00e5lla samh\u00e4llet i g\u00e5ng. Vi ger virus och bakterier en omg\u00e5ng!<\/p>\n<p>Vi har planerat v\u00e5ra produkter (desinficeringsservetter) och dispensers s\u00e5 att alla som bryr sig om sig sj\u00e4lva, sina anh\u00f6riga, sin arbetsgemenskap eller sina kunder l\u00e4tt kan skaffa dem. Vi ser till att leveranserna fungerar enligt era behov!<\/p>\n","protected":false},"excerpt":{"rendered":"<p>WinWipes \u00e4r en ny akt\u00f6r, men f\u00f6retagets fem ursprungliga medlemmar medf\u00f6r alla sitt specialkunnande. Vi har en gedigen erfarenhet av f\u00f6retagsv\u00e4rlden, den kemiska industrin coh i synnerhet av desinficeringsmedel. Startknuffen till aff\u00e4rsiden fick vi av den p\u00e5g\u00e5ende pandemin som knappast blir den sista. Vi \u00e4r m\u00e5na om din och v\u00e5ran h\u00e4lsa och funktionsf\u00f6rm\u00e5ga. Hur ska&hellip;<\/p>\n<p><a class=\"more-link\" href=\"https:\/\/winwipes.fi\/sv\/foretag\/\" title=\"Continue reading &lsquo;F\u00f6retag&rsquo;\">Continue reading <span class=\"meta-nav\">&rarr;<\/span><\/a><\/p>\n","protected":false},"author":1,"featured_media":0,"parent":0,"menu_order":0,"comment_status":"closed","ping_status":"closed","template":"page-templates\/alasivu.php","meta":{"_acf_changed":false,"footnotes":""},"class_list":["post-585","page","type-page","status-publish","hentry"],"acf":[],"yoast_head":"<!-- This site is optimized with the Yoast SEO plugin v27.5 - https:\/\/yoast.com\/product\/yoast-seo-wordpress\/ -->\n<title>F\u00f6retag - Winwipes<\/title>\n<meta name=\"robots\" content=\"index, follow, max-snippet:-1, max-image-preview:large, max-video-preview:-1\" \/>\n<link rel=\"canonical\" href=\"https:\/\/winwipes.fi\/sv\/foretag\/\" \/>\n<meta property=\"og:locale\" content=\"sv_SE\" \/>\n<meta property=\"og:type\" content=\"article\" \/>\n<meta property=\"og:title\" content=\"F\u00f6retag - Winwipes\" \/>\n<meta property=\"og:description\" content=\"WinWipes \u00e4r en ny akt\u00f6r, men f\u00f6retagets fem ursprungliga medlemmar medf\u00f6r alla sitt specialkunnande. Vi har en gedigen erfarenhet av f\u00f6retagsv\u00e4rlden, den kemiska industrin coh i synnerhet av desinficeringsmedel. Startknuffen till aff\u00e4rsiden fick vi av den p\u00e5g\u00e5ende pandemin som knappast blir den sista. Vi \u00e4r m\u00e5na om din och v\u00e5ran h\u00e4lsa och funktionsf\u00f6rm\u00e5ga. Hur ska&hellip;Continue reading &rarr;\" \/>\n<meta property=\"og:url\" content=\"https:\/\/winwipes.fi\/sv\/foretag\/\" \/>\n<meta property=\"og:site_name\" content=\"Winwipes\" \/>\n<meta property=\"article:modified_time\" content=\"2026-03-05T09:29:42+00:00\" \/>\n<meta property=\"og:image\" content=\"https:\/\/winwipes.fi\/wp-content\/uploads\/2020\/08\/winwipes-logo-web.png\" \/>\n\t<meta property=\"og:image:width\" content=\"275\" \/>\n\t<meta property=\"og:image:height\" content=\"95\" \/>\n\t<meta property=\"og:image:type\" content=\"image\/png\" \/>\n<meta name=\"twitter:card\" content=\"summary_large_image\" \/>\n<meta name=\"twitter:label1\" content=\"Ber\u00e4knad l\u00e4stid\" \/>\n\t<meta name=\"twitter:data1\" content=\"2 minuter\" \/>\n<script type=\"application\/ld+json\" class=\"yoast-schema-graph\">{\"@context\":\"https:\\\/\\\/schema.org\",\"@graph\":[{\"@type\":\"WebPage\",\"@id\":\"https:\\\/\\\/winwipes.fi\\\/sv\\\/foretag\\\/\",\"url\":\"https:\\\/\\\/winwipes.fi\\\/sv\\\/foretag\\\/\",\"name\":\"F\u00f6retag - Winwipes\",\"isPartOf\":{\"@id\":\"https:\\\/\\\/winwipes.fi\\\/#website\"},\"primaryImageOfPage\":{\"@id\":\"https:\\\/\\\/winwipes.fi\\\/sv\\\/foretag\\\/#primaryimage\"},\"image\":{\"@id\":\"https:\\\/\\\/winwipes.fi\\\/sv\\\/foretag\\\/#primaryimage\"},\"thumbnailUrl\":\"https:\\\/\\\/winwipes.fi\\\/wp-content\\\/uploads\\\/2020\\\/08\\\/winwipes-logo-web.png\",\"datePublished\":\"2020-08-11T06:42:59+00:00\",\"dateModified\":\"2026-03-05T09:29:42+00:00\",\"breadcrumb\":{\"@id\":\"https:\\\/\\\/winwipes.fi\\\/sv\\\/foretag\\\/#breadcrumb\"},\"inLanguage\":\"sv-SE\",\"potentialAction\":[{\"@type\":\"ReadAction\",\"target\":[\"https:\\\/\\\/winwipes.fi\\\/sv\\\/foretag\\\/\"]}]},{\"@type\":\"ImageObject\",\"inLanguage\":\"sv-SE\",\"@id\":\"https:\\\/\\\/winwipes.fi\\\/sv\\\/foretag\\\/#primaryimage\",\"url\":\"https:\\\/\\\/winwipes.fi\\\/wp-content\\\/uploads\\\/2020\\\/08\\\/winwipes-logo-web.png\",\"contentUrl\":\"https:\\\/\\\/winwipes.fi\\\/wp-content\\\/uploads\\\/2020\\\/08\\\/winwipes-logo-web.png\"},{\"@type\":\"BreadcrumbList\",\"@id\":\"https:\\\/\\\/winwipes.fi\\\/sv\\\/foretag\\\/#breadcrumb\",\"itemListElement\":[{\"@type\":\"ListItem\",\"position\":1,\"name\":\"Home\",\"item\":\"https:\\\/\\\/winwipes.fi\\\/sv\\\/\"},{\"@type\":\"ListItem\",\"position\":2,\"name\":\"F\u00f6retag\"}]},{\"@type\":\"WebSite\",\"@id\":\"https:\\\/\\\/winwipes.fi\\\/#website\",\"url\":\"https:\\\/\\\/winwipes.fi\\\/\",\"name\":\"WinWipes\",\"description\":\"Winwipes Oy suunnittelee, valmistaa ja toimittaa Suomessa valmistettuja desinfiointipyyhkeit\u00e4 sek\u00e4 niihin soveltuvia annostelijoita. Kauttamme l\u00f6yd\u00e4t my\u00f6s K\u00e4sidesit ja k\u00e4sidesiannostelijat.\",\"publisher\":{\"@id\":\"https:\\\/\\\/winwipes.fi\\\/#organization\"},\"potentialAction\":[{\"@type\":\"SearchAction\",\"target\":{\"@type\":\"EntryPoint\",\"urlTemplate\":\"https:\\\/\\\/winwipes.fi\\\/?s={search_term_string}\"},\"query-input\":{\"@type\":\"PropertyValueSpecification\",\"valueRequired\":true,\"valueName\":\"search_term_string\"}}],\"inLanguage\":\"sv-SE\"},{\"@type\":\"Organization\",\"@id\":\"https:\\\/\\\/winwipes.fi\\\/#organization\",\"name\":\"Winwipes Oy\",\"url\":\"https:\\\/\\\/winwipes.fi\\\/\",\"logo\":{\"@type\":\"ImageObject\",\"inLanguage\":\"sv-SE\",\"@id\":\"https:\\\/\\\/winwipes.fi\\\/#\\\/schema\\\/logo\\\/image\\\/\",\"url\":\"https:\\\/\\\/winwipes.fi\\\/wp-content\\\/uploads\\\/2020\\\/08\\\/winwipes-logo-web.png\",\"contentUrl\":\"https:\\\/\\\/winwipes.fi\\\/wp-content\\\/uploads\\\/2020\\\/08\\\/winwipes-logo-web.png\",\"width\":275,\"height\":95,\"caption\":\"Winwipes Oy\"},\"image\":{\"@id\":\"https:\\\/\\\/winwipes.fi\\\/#\\\/schema\\\/logo\\\/image\\\/\"}}]}<\/script>\n<!-- \/ Yoast SEO plugin. -->","yoast_head_json":{"title":"F\u00f6retag - Winwipes","robots":{"index":"index","follow":"follow","max-snippet":"max-snippet:-1","max-image-preview":"max-image-preview:large","max-video-preview":"max-video-preview:-1"},"canonical":"https:\/\/winwipes.fi\/sv\/foretag\/","og_locale":"sv_SE","og_type":"article","og_title":"F\u00f6retag - Winwipes","og_description":"WinWipes \u00e4r en ny akt\u00f6r, men f\u00f6retagets fem ursprungliga medlemmar medf\u00f6r alla sitt specialkunnande. Vi har en gedigen erfarenhet av f\u00f6retagsv\u00e4rlden, den kemiska industrin coh i synnerhet av desinficeringsmedel. Startknuffen till aff\u00e4rsiden fick vi av den p\u00e5g\u00e5ende pandemin som knappast blir den sista. Vi \u00e4r m\u00e5na om din och v\u00e5ran h\u00e4lsa och funktionsf\u00f6rm\u00e5ga. Hur ska&hellip;Continue reading &rarr;","og_url":"https:\/\/winwipes.fi\/sv\/foretag\/","og_site_name":"Winwipes","article_modified_time":"2026-03-05T09:29:42+00:00","og_image":[{"width":275,"height":95,"url":"https:\/\/winwipes.fi\/wp-content\/uploads\/2020\/08\/winwipes-logo-web.png","type":"image\/png"}],"twitter_card":"summary_large_image","twitter_misc":{"Ber\u00e4knad l\u00e4stid":"2 minuter"},"schema":{"@context":"https:\/\/schema.org","@graph":[{"@type":"WebPage","@id":"https:\/\/winwipes.fi\/sv\/foretag\/","url":"https:\/\/winwipes.fi\/sv\/foretag\/","name":"F\u00f6retag - Winwipes","isPartOf":{"@id":"https:\/\/winwipes.fi\/#website"},"primaryImageOfPage":{"@id":"https:\/\/winwipes.fi\/sv\/foretag\/#primaryimage"},"image":{"@id":"https:\/\/winwipes.fi\/sv\/foretag\/#primaryimage"},"thumbnailUrl":"https:\/\/winwipes.fi\/wp-content\/uploads\/2020\/08\/winwipes-logo-web.png","datePublished":"2020-08-11T06:42:59+00:00","dateModified":"2026-03-05T09:29:42+00:00","breadcrumb":{"@id":"https:\/\/winwipes.fi\/sv\/foretag\/#breadcrumb"},"inLanguage":"sv-SE","potentialAction":[{"@type":"ReadAction","target":["https:\/\/winwipes.fi\/sv\/foretag\/"]}]},{"@type":"ImageObject","inLanguage":"sv-SE","@id":"https:\/\/winwipes.fi\/sv\/foretag\/#primaryimage","url":"https:\/\/winwipes.fi\/wp-content\/uploads\/2020\/08\/winwipes-logo-web.png","contentUrl":"https:\/\/winwipes.fi\/wp-content\/uploads\/2020\/08\/winwipes-logo-web.png"},{"@type":"BreadcrumbList","@id":"https:\/\/winwipes.fi\/sv\/foretag\/#breadcrumb","itemListElement":[{"@type":"ListItem","position":1,"name":"Home","item":"https:\/\/winwipes.fi\/sv\/"},{"@type":"ListItem","position":2,"name":"F\u00f6retag"}]},{"@type":"WebSite","@id":"https:\/\/winwipes.fi\/#website","url":"https:\/\/winwipes.fi\/","name":"WinWipes","description":"Winwipes Oy suunnittelee, valmistaa ja toimittaa Suomessa valmistettuja desinfiointipyyhkeit\u00e4 sek\u00e4 niihin soveltuvia annostelijoita. Kauttamme l\u00f6yd\u00e4t my\u00f6s K\u00e4sidesit ja k\u00e4sidesiannostelijat.","publisher":{"@id":"https:\/\/winwipes.fi\/#organization"},"potentialAction":[{"@type":"SearchAction","target":{"@type":"EntryPoint","urlTemplate":"https:\/\/winwipes.fi\/?s={search_term_string}"},"query-input":{"@type":"PropertyValueSpecification","valueRequired":true,"valueName":"search_term_string"}}],"inLanguage":"sv-SE"},{"@type":"Organization","@id":"https:\/\/winwipes.fi\/#organization","name":"Winwipes Oy","url":"https:\/\/winwipes.fi\/","logo":{"@type":"ImageObject","inLanguage":"sv-SE","@id":"https:\/\/winwipes.fi\/#\/schema\/logo\/image\/","url":"https:\/\/winwipes.fi\/wp-content\/uploads\/2020\/08\/winwipes-logo-web.png","contentUrl":"https:\/\/winwipes.fi\/wp-content\/uploads\/2020\/08\/winwipes-logo-web.png","width":275,"height":95,"caption":"Winwipes Oy"},"image":{"@id":"https:\/\/winwipes.fi\/#\/schema\/logo\/image\/"}}]}},"_links":{"self":[{"href":"https:\/\/winwipes.fi\/sv\/wp-json\/wp\/v2\/pages\/585","targetHints":{"allow":["GET"]}}],"collection":[{"href":"https:\/\/winwipes.fi\/sv\/wp-json\/wp\/v2\/pages"}],"about":[{"href":"https:\/\/winwipes.fi\/sv\/wp-json\/wp\/v2\/types\/page"}],"author":[{"embeddable":true,"href":"https:\/\/winwipes.fi\/sv\/wp-json\/wp\/v2\/users\/1"}],"replies":[{"embeddable":true,"href":"https:\/\/winwipes.fi\/sv\/wp-json\/wp\/v2\/comments?post=585"}],"version-history":[{"count":4,"href":"https:\/\/winwipes.fi\/sv\/wp-json\/wp\/v2\/pages\/585\/revisions"}],"predecessor-version":[{"id":738,"href":"https:\/\/winwipes.fi\/sv\/wp-json\/wp\/v2\/pages\/585\/revisions\/738"}],"wp:attachment":[{"href":"https:\/\/winwipes.fi\/sv\/wp-json\/wp\/v2\/media?parent=585"}],"curies":[{"name":"wp","href":"https:\/\/api.w.org\/{rel}","templated":true}]}}